{"id":277,"date":"2026-03-10T17:59:09","date_gmt":"2026-03-10T17:59:09","guid":{"rendered":"https:\/\/exporvent.com\/?page_id=277"},"modified":"2026-03-10T17:59:11","modified_gmt":"2026-03-10T17:59:11","slug":"nuestro-grupo-empresarial","status":"publish","type":"page","link":"https:\/\/exporvent.com\/?page_id=277","title":{"rendered":"Nuestro Grupo Empresarial"},"content":{"rendered":"\n<div class=\"wp-block-media-text is-stacked-on-mobile\"><figure class=\"wp-block-media-text__media\"><img fetchpriority=\"high\" decoding=\"async\" width=\"1024\" height=\"683\" src=\"https:\/\/exporvent.com\/wp-content\/uploads\/2026\/03\/Copilot_20260310_114120-1024x683.png\" alt=\"\" class=\"wp-image-278 size-full\" srcset=\"https:\/\/exporvent.com\/wp-content\/uploads\/2026\/03\/Copilot_20260310_114120-1024x683.png 1024w, https:\/\/exporvent.com\/wp-content\/uploads\/2026\/03\/Copilot_20260310_114120-300x200.png 300w, https:\/\/exporvent.com\/wp-content\/uploads\/2026\/03\/Copilot_20260310_114120-768x512.png 768w, https:\/\/exporvent.com\/wp-content\/uploads\/2026\/03\/Copilot_20260310_114120.png 1536w\" sizes=\"(max-width: 1024px) 100vw, 1024px\" \/><\/figure><div class=\"wp-block-media-text__content\">\n<p>Especializada en la fabricaci\u00f3n de paneles de alta resistencia, aporta soluciones t\u00e9cnicas que complementan nuestros proyectos.<\/p>\n<\/div><\/div>\n\n\n\n<div class=\"wp-block-media-text has-media-on-the-right is-stacked-on-mobile\" style=\"grid-template-columns:auto 66%\"><div class=\"wp-block-media-text__content\">\n<p>Empresa especializada en soluciones de vidrio arquitect\u00f3nico y estructural, comprometida con la calidad, la innovaci\u00f3n y la eficiencia en cada proyecto.<\/p>\n<\/div><figure class=\"wp-block-media-text__media\"><img decoding=\"async\" width=\"1024\" height=\"683\" src=\"https:\/\/exporvent.com\/wp-content\/uploads\/2026\/03\/Copilot_20260310_114259-1024x683.png\" alt=\"\" class=\"wp-image-279 size-full\" srcset=\"https:\/\/exporvent.com\/wp-content\/uploads\/2026\/03\/Copilot_20260310_114259-1024x683.png 1024w, https:\/\/exporvent.com\/wp-content\/uploads\/2026\/03\/Copilot_20260310_114259-300x200.png 300w, https:\/\/exporvent.com\/wp-content\/uploads\/2026\/03\/Copilot_20260310_114259-768x512.png 768w, https:\/\/exporvent.com\/wp-content\/uploads\/2026\/03\/Copilot_20260310_114259.png 1536w\" sizes=\"(max-width: 1024px) 100vw, 1024px\" \/><\/figure><\/div>\n\n\n\n<p class=\"has-text-align-center\">En Exporvent creemos en la colaboraci\u00f3n y la innovaci\u00f3n. Por eso, junto con dos empresas hermanas, conformamos un grupo que comparte la misma visi\u00f3n: brindar calidad, eficiencia y confianza a nuestros clientes. Cada compa\u00f1\u00eda aporta su experiencia para cubrir diferentes necesidades, creando un servicio integral.<\/p>\n","protected":false},"excerpt":{"rendered":"<p>Especializada en la fabricaci\u00f3n de paneles de alta resistencia, aporta soluciones t\u00e9cnicas que complementan nuestros proyectos. Empresa especializada en soluciones de vidrio arquitect\u00f3nico y estructural, comprometida con la calidad, la innovaci\u00f3n y la eficiencia en cada proyecto. En Exporvent creemos en la colaboraci\u00f3n y la innovaci\u00f3n. Por eso, junto con dos empresas hermanas, conformamos un [&hellip;]<\/p>\n","protected":false},"author":1,"featured_media":0,"parent":0,"menu_order":0,"comment_status":"closed","ping_status":"closed","template":"","meta":{"footnotes":""},"class_list":["post-277","page","type-page","status-publish","hentry"],"yoast_head":"<!-- This site is optimized with the Yoast SEO plugin v27.1.1 - https:\/\/yoast.com\/product\/yoast-seo-wordpress\/ -->\n<title>Nuestro Grupo Empresarial - EXPOR VENT<\/title>\n<meta name=\"robots\" content=\"index, follow, max-snippet:-1, max-image-preview:large, max-video-preview:-1\" \/>\n<link rel=\"canonical\" href=\"https:\/\/exporvent.com\/?page_id=277\" \/>\n<meta property=\"og:locale\" content=\"es_MX\" \/>\n<meta property=\"og:type\" content=\"article\" \/>\n<meta property=\"og:title\" content=\"Nuestro Grupo Empresarial - EXPOR VENT\" \/>\n<meta property=\"og:description\" content=\"Especializada en la fabricaci\u00f3n de paneles de alta resistencia, aporta soluciones t\u00e9cnicas que complementan nuestros proyectos. Empresa especializada en soluciones de vidrio arquitect\u00f3nico y estructural, comprometida con la calidad, la innovaci\u00f3n y la eficiencia en cada proyecto. En Exporvent creemos en la colaboraci\u00f3n y la innovaci\u00f3n. Por eso, junto con dos empresas hermanas, conformamos un [&hellip;]\" \/>\n<meta property=\"og:url\" content=\"https:\/\/exporvent.com\/?page_id=277\" \/>\n<meta property=\"og:site_name\" content=\"EXPOR VENT\" \/>\n<meta property=\"article:modified_time\" content=\"2026-03-10T17:59:11+00:00\" \/>\n<meta property=\"og:image\" content=\"https:\/\/exporvent.com\/wp-content\/uploads\/2026\/03\/Copilot_20260310_114120-1024x683.png\" \/>\n\t<meta property=\"og:image:width\" content=\"1024\" \/>\n\t<meta property=\"og:image:height\" content=\"683\" \/>\n\t<meta property=\"og:image:type\" content=\"image\/png\" \/>\n<meta name=\"twitter:card\" content=\"summary_large_image\" \/>\n<meta name=\"twitter:label1\" content=\"Tiempo de lectura\" \/>\n\t<meta name=\"twitter:data1\" content=\"1 minuto\" \/>\n<script type=\"application\/ld+json\" class=\"yoast-schema-graph\">{\"@context\":\"https:\/\/schema.org\",\"@graph\":[{\"@type\":\"WebPage\",\"@id\":\"https:\/\/exporvent.com\/?page_id=277\",\"url\":\"https:\/\/exporvent.com\/?page_id=277\",\"name\":\"Nuestro Grupo Empresarial - EXPOR VENT\",\"isPartOf\":{\"@id\":\"https:\/\/exporvent.com\/#website\"},\"primaryImageOfPage\":{\"@id\":\"https:\/\/exporvent.com\/?page_id=277#primaryimage\"},\"image\":{\"@id\":\"https:\/\/exporvent.com\/?page_id=277#primaryimage\"},\"thumbnailUrl\":\"https:\/\/exporvent.com\/wp-content\/uploads\/2026\/03\/Copilot_20260310_114120-1024x683.png\",\"datePublished\":\"2026-03-10T17:59:09+00:00\",\"dateModified\":\"2026-03-10T17:59:11+00:00\",\"breadcrumb\":{\"@id\":\"https:\/\/exporvent.com\/?page_id=277#breadcrumb\"},\"inLanguage\":\"es\",\"potentialAction\":[{\"@type\":\"ReadAction\",\"target\":[\"https:\/\/exporvent.com\/?page_id=277\"]}]},{\"@type\":\"ImageObject\",\"inLanguage\":\"es\",\"@id\":\"https:\/\/exporvent.com\/?page_id=277#primaryimage\",\"url\":\"https:\/\/exporvent.com\/wp-content\/uploads\/2026\/03\/Copilot_20260310_114120.png\",\"contentUrl\":\"https:\/\/exporvent.com\/wp-content\/uploads\/2026\/03\/Copilot_20260310_114120.png\",\"width\":1536,\"height\":1024},{\"@type\":\"BreadcrumbList\",\"@id\":\"https:\/\/exporvent.com\/?page_id=277#breadcrumb\",\"itemListElement\":[{\"@type\":\"ListItem\",\"position\":1,\"name\":\"Inicio\",\"item\":\"https:\/\/exporvent.com\/\"},{\"@type\":\"ListItem\",\"position\":2,\"name\":\"Nuestro Grupo Empresarial\"}]},{\"@type\":\"WebSite\",\"@id\":\"https:\/\/exporvent.com\/#website\",\"url\":\"https:\/\/exporvent.com\/\",\"name\":\"EXPOR VENT\",\"description\":\"Calidad desde 1968\",\"publisher\":{\"@id\":\"https:\/\/exporvent.com\/#organization\"},\"potentialAction\":[{\"@type\":\"SearchAction\",\"target\":{\"@type\":\"EntryPoint\",\"urlTemplate\":\"https:\/\/exporvent.com\/?s={search_term_string}\"},\"query-input\":{\"@type\":\"PropertyValueSpecification\",\"valueRequired\":true,\"valueName\":\"search_term_string\"}}],\"inLanguage\":\"es\"},{\"@type\":\"Organization\",\"@id\":\"https:\/\/exporvent.com\/#organization\",\"name\":\"EXPOR VENT\",\"url\":\"https:\/\/exporvent.com\/\",\"logo\":{\"@type\":\"ImageObject\",\"inLanguage\":\"es\",\"@id\":\"https:\/\/exporvent.com\/#\/schema\/logo\/image\/\",\"url\":\"https:\/\/exporvent.com\/wp-content\/uploads\/2025\/04\/Screenshot-2025-04-02-at-1.31.15\u202fp.m.png\",\"contentUrl\":\"https:\/\/exporvent.com\/wp-content\/uploads\/2025\/04\/Screenshot-2025-04-02-at-1.31.15\u202fp.m.png\",\"width\":738,\"height\":412,\"caption\":\"EXPOR VENT\"},\"image\":{\"@id\":\"https:\/\/exporvent.com\/#\/schema\/logo\/image\/\"}}]}<\/script>\n<!-- \/ Yoast SEO plugin. -->","yoast_head_json":{"title":"Nuestro Grupo Empresarial - EXPOR VENT","robots":{"index":"index","follow":"follow","max-snippet":"max-snippet:-1","max-image-preview":"max-image-preview:large","max-video-preview":"max-video-preview:-1"},"canonical":"https:\/\/exporvent.com\/?page_id=277","og_locale":"es_MX","og_type":"article","og_title":"Nuestro Grupo Empresarial - EXPOR VENT","og_description":"Especializada en la fabricaci\u00f3n de paneles de alta resistencia, aporta soluciones t\u00e9cnicas que complementan nuestros proyectos. Empresa especializada en soluciones de vidrio arquitect\u00f3nico y estructural, comprometida con la calidad, la innovaci\u00f3n y la eficiencia en cada proyecto. En Exporvent creemos en la colaboraci\u00f3n y la innovaci\u00f3n. Por eso, junto con dos empresas hermanas, conformamos un [&hellip;]","og_url":"https:\/\/exporvent.com\/?page_id=277","og_site_name":"EXPOR VENT","article_modified_time":"2026-03-10T17:59:11+00:00","og_image":[{"width":1024,"height":683,"url":"https:\/\/exporvent.com\/wp-content\/uploads\/2026\/03\/Copilot_20260310_114120-1024x683.png","type":"image\/png"}],"twitter_card":"summary_large_image","twitter_misc":{"Tiempo de lectura":"1 minuto"},"schema":{"@context":"https:\/\/schema.org","@graph":[{"@type":"WebPage","@id":"https:\/\/exporvent.com\/?page_id=277","url":"https:\/\/exporvent.com\/?page_id=277","name":"Nuestro Grupo Empresarial - EXPOR VENT","isPartOf":{"@id":"https:\/\/exporvent.com\/#website"},"primaryImageOfPage":{"@id":"https:\/\/exporvent.com\/?page_id=277#primaryimage"},"image":{"@id":"https:\/\/exporvent.com\/?page_id=277#primaryimage"},"thumbnailUrl":"https:\/\/exporvent.com\/wp-content\/uploads\/2026\/03\/Copilot_20260310_114120-1024x683.png","datePublished":"2026-03-10T17:59:09+00:00","dateModified":"2026-03-10T17:59:11+00:00","breadcrumb":{"@id":"https:\/\/exporvent.com\/?page_id=277#breadcrumb"},"inLanguage":"es","potentialAction":[{"@type":"ReadAction","target":["https:\/\/exporvent.com\/?page_id=277"]}]},{"@type":"ImageObject","inLanguage":"es","@id":"https:\/\/exporvent.com\/?page_id=277#primaryimage","url":"https:\/\/exporvent.com\/wp-content\/uploads\/2026\/03\/Copilot_20260310_114120.png","contentUrl":"https:\/\/exporvent.com\/wp-content\/uploads\/2026\/03\/Copilot_20260310_114120.png","width":1536,"height":1024},{"@type":"BreadcrumbList","@id":"https:\/\/exporvent.com\/?page_id=277#breadcrumb","itemListElement":[{"@type":"ListItem","position":1,"name":"Inicio","item":"https:\/\/exporvent.com\/"},{"@type":"ListItem","position":2,"name":"Nuestro Grupo Empresarial"}]},{"@type":"WebSite","@id":"https:\/\/exporvent.com\/#website","url":"https:\/\/exporvent.com\/","name":"EXPOR VENT","description":"Calidad desde 1968","publisher":{"@id":"https:\/\/exporvent.com\/#organization"},"potentialAction":[{"@type":"SearchAction","target":{"@type":"EntryPoint","urlTemplate":"https:\/\/exporvent.com\/?s={search_term_string}"},"query-input":{"@type":"PropertyValueSpecification","valueRequired":true,"valueName":"search_term_string"}}],"inLanguage":"es"},{"@type":"Organization","@id":"https:\/\/exporvent.com\/#organization","name":"EXPOR VENT","url":"https:\/\/exporvent.com\/","logo":{"@type":"ImageObject","inLanguage":"es","@id":"https:\/\/exporvent.com\/#\/schema\/logo\/image\/","url":"https:\/\/exporvent.com\/wp-content\/uploads\/2025\/04\/Screenshot-2025-04-02-at-1.31.15\u202fp.m.png","contentUrl":"https:\/\/exporvent.com\/wp-content\/uploads\/2025\/04\/Screenshot-2025-04-02-at-1.31.15\u202fp.m.png","width":738,"height":412,"caption":"EXPOR VENT"},"image":{"@id":"https:\/\/exporvent.com\/#\/schema\/logo\/image\/"}}]}},"_links":{"self":[{"href":"https:\/\/exporvent.com\/index.php?rest_route=\/wp\/v2\/pages\/277","targetHints":{"allow":["GET"]}}],"collection":[{"href":"https:\/\/exporvent.com\/index.php?rest_route=\/wp\/v2\/pages"}],"about":[{"href":"https:\/\/exporvent.com\/index.php?rest_route=\/wp\/v2\/types\/page"}],"author":[{"embeddable":true,"href":"https:\/\/exporvent.com\/index.php?rest_route=\/wp\/v2\/users\/1"}],"replies":[{"embeddable":true,"href":"https:\/\/exporvent.com\/index.php?rest_route=%2Fwp%2Fv2%2Fcomments&post=277"}],"version-history":[{"count":5,"href":"https:\/\/exporvent.com\/index.php?rest_route=\/wp\/v2\/pages\/277\/revisions"}],"predecessor-version":[{"id":286,"href":"https:\/\/exporvent.com\/index.php?rest_route=\/wp\/v2\/pages\/277\/revisions\/286"}],"wp:attachment":[{"href":"https:\/\/exporvent.com\/index.php?rest_route=%2Fwp%2Fv2%2Fmedia&parent=277"}],"curies":[{"name":"wp","href":"https:\/\/api.w.org\/{rel}","templated":true}]}}